{"id":150,"date":"2023-03-25T14:48:37","date_gmt":"2023-03-25T13:48:37","guid":{"rendered":"https:\/\/epcasesores.com\/area-penal\/"},"modified":"2026-03-02T16:55:50","modified_gmt":"2026-03-02T15:55:50","slug":"abogados-penales-en-barcelona","status":"publish","type":"page","link":"https:\/\/epcasesores.com\/es\/abogados-penales-en-barcelona\/","title":{"rendered":"Area Penal"},"content":{"rendered":"<div class=\"wpb-content-wrapper\"><p>[vc_row][vc_column][vc_column_text css=\u00bb\u00bb]<\/p>\n<h2>Abogados penales en Barcelona<\/h2>\n<p>Especialistas en los siguientes \u00e1mbitos:<\/p>\n<ul>\n<li>Tramitaci\u00f3n de denuncias y querellas.<\/li>\n<li>Intervenci\u00f3n en toda clase de asuntos penales, tanto en defensa de los imputados como acusaci\u00f3n particular.<\/li>\n<li>Especializaci\u00f3n en asuntos de derecho penal econ\u00f3mico, estafas, apropiaciones indebidas, insolvencias punibles.<\/li>\n<li>Accidentes laborales.<\/li>\n<\/ul>\n<p>[\/vc_column_text][\/vc_column][\/vc_row]<\/p>\n<\/div>","protected":false},"excerpt":{"rendered":"<p>[vc_row][vc_column][vc_column_text css=\u00bb\u00bb] Abogados penales en Barcelona Especialistas en los siguientes \u00e1mbitos: Tramitaci\u00f3n de denuncias y querellas. Intervenci\u00f3n en toda clase de asuntos penales, tanto en defensa de los imputados como acusaci\u00f3n particular. Especializaci\u00f3n en asuntos de derecho penal econ\u00f3mico, estafas, apropiaciones indebidas, insolvencias punibles. Accidentes laborales. [\/vc_column_text][\/vc_column][\/vc_row]<\/p>\n","protected":false},"author":1,"featured_media":123,"parent":0,"menu_order":0,"comment_status":"closed","ping_status":"closed","template":"","meta":{"footnotes":""},"class_list":["post-150","page","type-page","status-publish","has-post-thumbnail","hentry"],"_links":{"self":[{"href":"https:\/\/epcasesores.com\/es\/wp-json\/wp\/v2\/pages\/150","targetHints":{"allow":["GET"]}}],"collection":[{"href":"https:\/\/epcasesores.com\/es\/wp-json\/wp\/v2\/pages"}],"about":[{"href":"https:\/\/epcasesores.com\/es\/wp-json\/wp\/v2\/types\/page"}],"author":[{"embeddable":true,"href":"https:\/\/epcasesores.com\/es\/wp-json\/wp\/v2\/users\/1"}],"replies":[{"embeddable":true,"href":"https:\/\/epcasesores.com\/es\/wp-json\/wp\/v2\/comments?post=150"}],"version-history":[{"count":2,"href":"https:\/\/epcasesores.com\/es\/wp-json\/wp\/v2\/pages\/150\/revisions"}],"predecessor-version":[{"id":262,"href":"https:\/\/epcasesores.com\/es\/wp-json\/wp\/v2\/pages\/150\/revisions\/262"}],"wp:featuredmedia":[{"embeddable":true,"href":"https:\/\/epcasesores.com\/es\/wp-json\/wp\/v2\/media\/123"}],"wp:attachment":[{"href":"https:\/\/epcasesores.com\/es\/wp-json\/wp\/v2\/media?parent=150"}],"curies":[{"name":"wp","href":"https:\/\/api.w.org\/{rel}","templated":true}]}}