{"id":151,"date":"2023-03-25T14:47:46","date_gmt":"2023-03-25T13:47:46","guid":{"rendered":"https:\/\/epcasesores.com\/area-laboral-i-administratiu\/"},"modified":"2026-03-02T16:53:35","modified_gmt":"2026-03-02T15:53:35","slug":"asesoria-laboral-en-barcelona","status":"publish","type":"page","link":"https:\/\/epcasesores.com\/es\/asesoria-laboral-en-barcelona\/","title":{"rendered":"Area Laboral y Administrativa"},"content":{"rendered":"<div class=\"wpb-content-wrapper\"><p>[vc_row][vc_column][vc_column_text css=\u00bb\u00bb]<\/p>\n<h2>Asesor\u00eda laboral en Barcelona<\/h2>\n<p>Especialistas en el asesoramiento y tramitaci\u00f3n de cualquier procedimiento administrativo, extrajudicial o judicial en el \u00e1mbito del Derecho Laboral y de la Seguridad Social:<\/p>\n<p><strong>GESTION ANTE SEGURIDAD SOCIAL Y ADMINISTRACI\u00d3N P\u00daBLICA<\/strong><\/p>\n<ul>\n<li>Asesoramiento y comparecencia ante la Inspecci\u00f3n de Trabajo y Seguridad Social, as\u00ed como ante la Tesorer\u00eda General de la Seguridad Social.<\/li>\n<li>Asesoramiento en materia de prevenci\u00f3n de riegos laborales (Servicio de Prevenci\u00f3n Ajeno altamente cualificado).<\/li>\n<li>Confecci\u00f3n de n\u00f3minas y presentaci\u00f3n telem\u00e1tica de modelos TC1 y TC2 (a trav\u00e9s del Sistema Red), as\u00ed como confecci\u00f3n y presentaci\u00f3n de los modelos 111 (trimestrales y mensuales y modelo 190 anual).<\/li>\n<li>Tramitaci\u00f3n de altas y Bajas en la seguridad social, tramitaci\u00f3n de Bajas por incapacidad temporal o accidente de trabajo, a trav\u00e9s del Sistema Red y Sistema Delta.<\/li>\n<li>Calculo y tramitaci\u00f3n de pensiones e incapacidades ante el INSTITUTO NACIONAL DE LA SEGURIDAD SOCIAL.<\/li>\n<li>Asesoramiento, confecci\u00f3n y presentaci\u00f3n de todo tipo y modalidad de contrato de trabajo, a trav\u00e9s del Sistema Contrata.<\/li>\n<li>Altas, bajas y confecci\u00f3n de contratos y hojas de recibo de Empleadas del Hogar.<\/li>\n<li>Asesoramiento en materia de Convenios Colectivos a nivel estatal y auton\u00f3mico.<\/li>\n<\/ul>\n<p><strong>PROCESAL<\/strong><\/p>\n<ul>\n<li>Actos de conciliaci\u00f3n laboral.<\/li>\n<li>Asesoramiento y tramitaci\u00f3n judicial en relaci\u00f3n a demandas laborales de cualquier tipo (despidos, reclamaciones de cantidad y jubilaciones, sanciones disciplinarias, incapacidades, pensiones, viudedades, orfandades, etc.).<\/li>\n<li>Asesoramiento y tramitaci\u00f3n de EXPEDIENTES DE REGULACI\u00d3N DE EMPLEO.<\/li>\n<li>Recursos de suplicaci\u00f3n.<\/li>\n<\/ul>\n<h2>AREA ADMINISTRATIVO<\/h2>\n<p>Amplia experiencia en el asesoramiento y tramitaci\u00f3n:<\/p>\n<ul>\n<li>Gestiones ante la Administraci\u00f3n y tramitaci\u00f3n de solicitudes.<\/li>\n<li>Recursos contra multas y sanciones.<\/li>\n<li>Procesos de extranjer\u00eda y nacionalidad.<\/li>\n<li>Recursos contencioso-administrativos contra resoluciones de la Administraci\u00f3n.<\/li>\n<li>Reclamaciones patrimoniales contra la Administraci\u00f3n.<\/li>\n<li>Urbanismo: Juntas de compensaci\u00f3n. Proyectos de reparcelaci\u00f3n. Expropiaciones. Derechos de superficie.<\/li>\n<li>Adaptaci\u00f3n a la legislaci\u00f3n de Protecci\u00f3n de Datos.<\/li>\n<\/ul>\n<p>[\/vc_column_text][\/vc_column][\/vc_row]<\/p>\n<\/div>","protected":false},"excerpt":{"rendered":"<p>[vc_row][vc_column][vc_column_text css=\u00bb\u00bb] Asesor\u00eda laboral en Barcelona Especialistas en el asesoramiento y tramitaci\u00f3n de cualquier procedimiento administrativo, extrajudicial o judicial en el \u00e1mbito del Derecho Laboral y de la Seguridad Social: GESTION ANTE SEGURIDAD SOCIAL Y ADMINISTRACI\u00d3N P\u00daBLICA Asesoramiento y comparecencia ante la Inspecci\u00f3n de Trabajo y Seguridad Social, as\u00ed como ante la Tesorer\u00eda General de&#8230;<\/p>\n","protected":false},"author":1,"featured_media":122,"parent":0,"menu_order":0,"comment_status":"closed","ping_status":"closed","template":"","meta":{"footnotes":""},"class_list":["post-151","page","type-page","status-publish","has-post-thumbnail","hentry"],"_links":{"self":[{"href":"https:\/\/epcasesores.com\/es\/wp-json\/wp\/v2\/pages\/151","targetHints":{"allow":["GET"]}}],"collection":[{"href":"https:\/\/epcasesores.com\/es\/wp-json\/wp\/v2\/pages"}],"about":[{"href":"https:\/\/epcasesores.com\/es\/wp-json\/wp\/v2\/types\/page"}],"author":[{"embeddable":true,"href":"https:\/\/epcasesores.com\/es\/wp-json\/wp\/v2\/users\/1"}],"replies":[{"embeddable":true,"href":"https:\/\/epcasesores.com\/es\/wp-json\/wp\/v2\/comments?post=151"}],"version-history":[{"count":4,"href":"https:\/\/epcasesores.com\/es\/wp-json\/wp\/v2\/pages\/151\/revisions"}],"predecessor-version":[{"id":258,"href":"https:\/\/epcasesores.com\/es\/wp-json\/wp\/v2\/pages\/151\/revisions\/258"}],"wp:featuredmedia":[{"embeddable":true,"href":"https:\/\/epcasesores.com\/es\/wp-json\/wp\/v2\/media\/122"}],"wp:attachment":[{"href":"https:\/\/epcasesores.com\/es\/wp-json\/wp\/v2\/media?parent=151"}],"curies":[{"name":"wp","href":"https:\/\/api.w.org\/{rel}","templated":true}]}}