{"id":152,"date":"2023-03-25T14:43:27","date_gmt":"2023-03-25T13:43:27","guid":{"rendered":"https:\/\/epcasesores.com\/area-mercantil\/"},"modified":"2026-03-02T16:54:33","modified_gmt":"2026-03-02T15:54:33","slug":"abogados-mercantiles-en-barcelona","status":"publish","type":"page","link":"https:\/\/epcasesores.com\/es\/abogados-mercantiles-en-barcelona\/","title":{"rendered":"Area Mercantil"},"content":{"rendered":"<div class=\"wpb-content-wrapper\"><p>[vc_row][vc_column][vc_column_text css=\u00bb\u00bb]<\/p>\n<h2>Abogados mercantiles en Barcelona<\/h2>\n<p>Especialistas en el asesoramiento y tramitaci\u00f3n en los siguientes \u00e1mbitos:<\/p>\n<ul>\n<li>Constituci\u00f3n de sociedades (an\u00f3nimas, limitadas, unipersonales, profesionales, cooperativas, sociedades laborales, UTE, Agrupaci\u00f3n de Inter\u00e9s Econ\u00f3mico, \u2026), ampliaciones (aportaciones dinerarias y no dinerarias de inmuebles, ramas actividad), reducciones, transformaciones, fusiones y escisiones, disoluciones y liquidaciones societarias.<\/li>\n<li>Contrataci\u00f3n mercantil, contratos de compraventa, fianza, hipoteca, prenda, de financiaci\u00f3n; franquicia, \u2026<\/li>\n<li>Presentaci\u00f3n y tramitaciones de expedientes de concurso voluntario o necesario.<\/li>\n<li>Representaci\u00f3n y defensa de los acreedores en los procedimientos concursales.<\/li>\n<li>Procedimientos de responsabilidad de administradores.<\/li>\n<\/ul>\n<p>[\/vc_column_text][\/vc_column][\/vc_row]<\/p>\n<\/div>","protected":false},"excerpt":{"rendered":"<p>[vc_row][vc_column][vc_column_text css=\u00bb\u00bb] Abogados mercantiles en Barcelona Especialistas en el asesoramiento y tramitaci\u00f3n en los siguientes \u00e1mbitos: Constituci\u00f3n de sociedades (an\u00f3nimas, limitadas, unipersonales, profesionales, cooperativas, sociedades laborales, UTE, Agrupaci\u00f3n de Inter\u00e9s Econ\u00f3mico, \u2026), ampliaciones (aportaciones dinerarias y no dinerarias de inmuebles, ramas actividad), reducciones, transformaciones, fusiones y escisiones, disoluciones y liquidaciones societarias. Contrataci\u00f3n mercantil, contratos de&#8230;<\/p>\n","protected":false},"author":1,"featured_media":149,"parent":0,"menu_order":0,"comment_status":"closed","ping_status":"closed","template":"","meta":{"footnotes":""},"class_list":["post-152","page","type-page","status-publish","has-post-thumbnail","hentry"],"_links":{"self":[{"href":"https:\/\/epcasesores.com\/es\/wp-json\/wp\/v2\/pages\/152","targetHints":{"allow":["GET"]}}],"collection":[{"href":"https:\/\/epcasesores.com\/es\/wp-json\/wp\/v2\/pages"}],"about":[{"href":"https:\/\/epcasesores.com\/es\/wp-json\/wp\/v2\/types\/page"}],"author":[{"embeddable":true,"href":"https:\/\/epcasesores.com\/es\/wp-json\/wp\/v2\/users\/1"}],"replies":[{"embeddable":true,"href":"https:\/\/epcasesores.com\/es\/wp-json\/wp\/v2\/comments?post=152"}],"version-history":[{"count":2,"href":"https:\/\/epcasesores.com\/es\/wp-json\/wp\/v2\/pages\/152\/revisions"}],"predecessor-version":[{"id":260,"href":"https:\/\/epcasesores.com\/es\/wp-json\/wp\/v2\/pages\/152\/revisions\/260"}],"wp:featuredmedia":[{"embeddable":true,"href":"https:\/\/epcasesores.com\/es\/wp-json\/wp\/v2\/media\/149"}],"wp:attachment":[{"href":"https:\/\/epcasesores.com\/es\/wp-json\/wp\/v2\/media?parent=152"}],"curies":[{"name":"wp","href":"https:\/\/api.w.org\/{rel}","templated":true}]}}