{"id":153,"date":"2023-03-25T14:41:05","date_gmt":"2023-03-25T13:41:05","guid":{"rendered":"https:\/\/epcasesores.com\/area-civil-i-gestio-de-patrimonis\/"},"modified":"2026-03-02T16:51:07","modified_gmt":"2026-03-02T15:51:07","slug":"abogados-de-derecho-civil-en-barcelona","status":"publish","type":"page","link":"https:\/\/epcasesores.com\/es\/abogados-de-derecho-civil-en-barcelona\/","title":{"rendered":"Area Civil y Gesti\u00f3n de Patrimonios"},"content":{"rendered":"<div class=\"wpb-content-wrapper\"><p>[vc_row][vc_column][vc_column_text css=\u00bb\u00bb]<\/p>\n<h2>Abogados de Derecho Civil en Barcelona<\/h2>\n<p>Especialistas en el asesoramiento y tramitaci\u00f3n en los siguientes \u00e1mbitos:<\/p>\n<ul>\n<li>Arrendamientos Urbanos (contratos, revisi\u00f3n de rentas, subrogaciones, procedimientos de desahucio, \u2026).<\/li>\n<li>Confecci\u00f3n de documentos y contratos: precontratos y opciones de compra, arras, paga y se\u00f1al, compraventas.<\/li>\n<li>Declaraciones obra nueva, divisiones propiedad horizontal, expedientes de dominio, tercer\u00edas, agrupaciones, segregaciones, constituci\u00f3n y extinci\u00f3n servidumbres, reclamaci\u00f3n por vicios ocultos, defectos de construcci\u00f3n, incumplimiento contratos, deslinde, aportaci\u00f3n. Tanteo y retracto. Divisi\u00f3n cosa com\u00fan.<\/li>\n<li>Procedimientos judiciales (proceso monitorio, juicios verbales y juicios ordinarios, ejecuciones y subastas)<\/li>\n<li>Tramitaci\u00f3n de recursos (recurso de apelaci\u00f3n, recurso casaci\u00f3n y recurso de amparo).<\/li>\n<\/ul>\n<h3>HERENCIAS Y DONACIONES<\/h3>\n<p>Expertos en Derecho Sucesorio de Catalu\u00f1a.<\/p>\n<ul>\n<li>Otorgamiento de testamentos.<\/li>\n<li>Declaraciones de herederos.<\/li>\n<li>Inventario y aceptaci\u00f3n de herencias.<\/li>\n<li>Reclamaciones de herencias, leg\u00edtimas, legados.<\/li>\n<li>Tramitaci\u00f3n y gesti\u00f3n liquidaci\u00f3n del Impuesto de Sucesiones.<\/li>\n<li>Asesoramiento fiscal sucesorio.<\/li>\n<\/ul>\n<h3>MATRIMONIAL<\/h3>\n<p>Amplia experiencia en:<\/p>\n<ul>\n<li>Negociaci\u00f3n y formulaci\u00f3n de convenios de separaci\u00f3n y divorcio.<\/li>\n<li>Tramitaci\u00f3n de procedimientos matrimoniales de mutuo acuerdo y contenciosos (separaci\u00f3n, divorcio y disoluci\u00f3n de parejas de hecho).<\/li>\n<li>Procedimiento para la liquidaci\u00f3n del R\u00e9gimen Econ\u00f3mico Matrimonial.<\/li>\n<\/ul>\n<h3>RESPONSABILIDAD CIVIL<\/h3>\n<p>Tramitaci\u00f3n de cualquier procedimiento extrajudicial o judicial:<\/p>\n<ul>\n<li>Reclamaciones de responsabilidad civil contractual, extracontractual, precontractual, por incumplimiento.<\/li>\n<li>Reclamaci\u00f3n y defensa de la responsabilidad decenal contra promotores, arquitectos y aparejadores.<\/li>\n<\/ul>\n<h3>FUNDACIONES Y ASOCIACIONES<\/h3>\n<ul>\n<li>Elaboraci\u00f3n de estatutos de Fundaciones y Asociaciones sin \u00e1nimo de lucro.<\/li>\n<li>Constituci\u00f3n y tramitaci\u00f3n de su inscripci\u00f3n en los correspondientes registros.<\/li>\n<li>Asesoramiento legal de las mismas y gesti\u00f3n ante el Departament de Justicia de la Generalitat de Catalu\u00f1a.<\/li>\n<\/ul>\n<h3>CONSULTOR\u00cdA Y ADMINISTRACI\u00d3N DE PATRIMONIOS<\/h3>\n<p>Servicios que complementan t\u00e9cnica y jur\u00eddicamente el resto de \u00e1reas del despacho.<\/p>\n<ul>\n<li>Administraci\u00f3n de patrimonios inmobiliarios (facturaci\u00f3n y seguimiento mensual de viviendas, locales, naves industriales,\u2026).<\/li>\n<li>Asesoramiento jur\u00eddico y fiscal en la adquisici\u00f3n o venta de inmuebles, viviendas y locales.<\/li>\n<li>Auditor\u00eda de patrimonios inmobiliarios.<\/li>\n<li>Valoraciones.<\/li>\n<li>Estudios de mercado.<\/li>\n<\/ul>\n<p>[\/vc_column_text][\/vc_column][\/vc_row]<\/p>\n<\/div>","protected":false},"excerpt":{"rendered":"<p>[vc_row][vc_column][vc_column_text css=\u00bb\u00bb] Abogados de Derecho Civil en Barcelona Especialistas en el asesoramiento y tramitaci\u00f3n en los siguientes \u00e1mbitos: Arrendamientos Urbanos (contratos, revisi\u00f3n de rentas, subrogaciones, procedimientos de desahucio, \u2026). Confecci\u00f3n de documentos y contratos: precontratos y opciones de compra, arras, paga y se\u00f1al, compraventas. Declaraciones obra nueva, divisiones propiedad horizontal, expedientes de dominio, tercer\u00edas, agrupaciones,&#8230;<\/p>\n","protected":false},"author":1,"featured_media":148,"parent":0,"menu_order":0,"comment_status":"closed","ping_status":"closed","template":"","meta":{"footnotes":""},"class_list":["post-153","page","type-page","status-publish","has-post-thumbnail","hentry"],"_links":{"self":[{"href":"https:\/\/epcasesores.com\/es\/wp-json\/wp\/v2\/pages\/153","targetHints":{"allow":["GET"]}}],"collection":[{"href":"https:\/\/epcasesores.com\/es\/wp-json\/wp\/v2\/pages"}],"about":[{"href":"https:\/\/epcasesores.com\/es\/wp-json\/wp\/v2\/types\/page"}],"author":[{"embeddable":true,"href":"https:\/\/epcasesores.com\/es\/wp-json\/wp\/v2\/users\/1"}],"replies":[{"embeddable":true,"href":"https:\/\/epcasesores.com\/es\/wp-json\/wp\/v2\/comments?post=153"}],"version-history":[{"count":4,"href":"https:\/\/epcasesores.com\/es\/wp-json\/wp\/v2\/pages\/153\/revisions"}],"predecessor-version":[{"id":269,"href":"https:\/\/epcasesores.com\/es\/wp-json\/wp\/v2\/pages\/153\/revisions\/269"}],"wp:featuredmedia":[{"embeddable":true,"href":"https:\/\/epcasesores.com\/es\/wp-json\/wp\/v2\/media\/148"}],"wp:attachment":[{"href":"https:\/\/epcasesores.com\/es\/wp-json\/wp\/v2\/media?parent=153"}],"curies":[{"name":"wp","href":"https:\/\/api.w.org\/{rel}","templated":true}]}}