{"id":154,"date":"2023-03-25T14:34:56","date_gmt":"2023-03-25T13:34:56","guid":{"rendered":"https:\/\/epcasesores.com\/area-fiscal-i-contable\/"},"modified":"2026-03-24T08:40:45","modified_gmt":"2026-03-24T07:40:45","slug":"asesoria-fiscal-en-barcelona","status":"publish","type":"page","link":"https:\/\/epcasesores.com\/es\/asesoria-fiscal-en-barcelona\/","title":{"rendered":"Area Fiscal y Contable"},"content":{"rendered":"<div class=\"wpb-content-wrapper\"><p>[vc_row][vc_column][vc_column_text css=\u00bb\u00bb]<\/p>\n<h2>Asesor\u00eda fiscal en Barcelona<\/h2>\n<p>Contamos con una amplia experiencia en asesoramiento y gesti\u00f3n fiscal de empresas PYME, Reducida Dimensi\u00f3n, Gran Empresa y Profesionales, para una correcta aplicaci\u00f3n de las normas tributarias, en los siguientes \u00e1mbitos:<\/p>\n<ul>\n<li>Asesoramiento integral peri\u00f3dico a nivel fiscal.<\/li>\n<li>Elaboraci\u00f3n, revisi\u00f3n y <a href=\"https:\/\/epcasesores.com\/es\/asesoria-fiscal-en-barcelona\/presentacion-de-declaraciones-tributarias-en-barcelona\/\">presentaci\u00f3n de todas las declaraciones tributarias<\/a>:\n<ul>\n<li>Impuesto sobre el Valor A\u00f1adido (IVA)<\/li>\n<li>Impuesto sobre la Renta de las Personas F\u00edsicas. (IRPF)<\/li>\n<li>Pago fraccionado: Estimaci\u00f3n directa y Estimaci\u00f3n objetiva (M\u00f3dulos)<\/li>\n<li>Rentas e Impuesto sobre el Patrimonio<\/li>\n<li>Impuesto de Sociedades<\/li>\n<li>Intrastat<\/li>\n<li>Operaciones Intracomunitarias<\/li>\n<li>Impuestos Especiales<\/li>\n<\/ul>\n<\/li>\n<li>Tributaci\u00f3n de residentes y no residentes.<\/li>\n<li>Asistencia, representaci\u00f3n y defensa en Inspecciones Fiscales.<\/li>\n<li>Interposici\u00f3n de reclamaciones y recursos econ\u00f3mico-administrativos.<\/li>\n<li>An\u00e1lisis de la situaci\u00f3n econ\u00f3mico-financiero de la sociedad, estudio de viabilidad.<\/li>\n<li>Planificaci\u00f3n fiscal de operaciones mercantiles.<\/li>\n<li>Estudio sobre la rentabilidad de inversiones, an\u00e1lisis de la inversi\u00f3n y valoraci\u00f3n.<\/li>\n<li>Periciales econ\u00f3micas, contables y fiscales ante el Departamento de Justicia.<\/li>\n<\/ul>\n<h2>AREA CONTABLE<\/h2>\n<p>Vinculado al \u00e1rea Fiscal, no obstante su \u00e1mbito de actuaci\u00f3n trasciende la materia tributaria.<\/p>\n<p>Se ofrecen servicios de asesoramiento permanente o espec\u00edfico en materia de normativa contable.<\/p>\n<ul>\n<li>Confecci\u00f3n de la contabilidad de cualquier tipo de empresa: PYME, de Reducida Dimensi\u00f3n, Gran Empresa, Profesionales, etc. en nuestras oficinas o en el domicilio del cliente.<\/li>\n<li>Asesoramiento sobre principios y normas del Plan General de Contabilidad.<\/li>\n<li>Elaboraci\u00f3n, legalizaci\u00f3n y presentaci\u00f3n de Libros Oficiales y Cuentas Anuales.<\/li>\n<li>Tratamiento contable de operaciones de fusi\u00f3n, adquisici\u00f3n, reorganizaci\u00f3n y liquidaci\u00f3n.<\/li>\n<li>Operaciones entre sociedades vinculadas.<\/li>\n<li>Normas aplicables en la formulaci\u00f3n de las cuentas individuales y consolidadas.<\/li>\n<li>Auditor\u00edas.<\/li>\n<\/ul>\n<p>[\/vc_column_text][\/vc_column][\/vc_row]<\/p>\n<\/div>","protected":false},"excerpt":{"rendered":"<p>[vc_row][vc_column][vc_column_text css=\u00bb\u00bb] Asesor\u00eda fiscal en Barcelona Contamos con una amplia experiencia en asesoramiento y gesti\u00f3n fiscal de empresas PYME, Reducida Dimensi\u00f3n, Gran Empresa y Profesionales, para una correcta aplicaci\u00f3n de las normas tributarias, en los siguientes \u00e1mbitos: Asesoramiento integral peri\u00f3dico a nivel fiscal. Elaboraci\u00f3n, revisi\u00f3n y presentaci\u00f3n de todas las declaraciones tributarias: Impuesto sobre el&#8230;<\/p>\n","protected":false},"author":1,"featured_media":135,"parent":0,"menu_order":0,"comment_status":"closed","ping_status":"closed","template":"","meta":{"footnotes":""},"class_list":["post-154","page","type-page","status-publish","has-post-thumbnail","hentry"],"_links":{"self":[{"href":"https:\/\/epcasesores.com\/es\/wp-json\/wp\/v2\/pages\/154","targetHints":{"allow":["GET"]}}],"collection":[{"href":"https:\/\/epcasesores.com\/es\/wp-json\/wp\/v2\/pages"}],"about":[{"href":"https:\/\/epcasesores.com\/es\/wp-json\/wp\/v2\/types\/page"}],"author":[{"embeddable":true,"href":"https:\/\/epcasesores.com\/es\/wp-json\/wp\/v2\/users\/1"}],"replies":[{"embeddable":true,"href":"https:\/\/epcasesores.com\/es\/wp-json\/wp\/v2\/comments?post=154"}],"version-history":[{"count":4,"href":"https:\/\/epcasesores.com\/es\/wp-json\/wp\/v2\/pages\/154\/revisions"}],"predecessor-version":[{"id":285,"href":"https:\/\/epcasesores.com\/es\/wp-json\/wp\/v2\/pages\/154\/revisions\/285"}],"wp:featuredmedia":[{"embeddable":true,"href":"https:\/\/epcasesores.com\/es\/wp-json\/wp\/v2\/media\/135"}],"wp:attachment":[{"href":"https:\/\/epcasesores.com\/es\/wp-json\/wp\/v2\/media?parent=154"}],"curies":[{"name":"wp","href":"https:\/\/api.w.org\/{rel}","templated":true}]}}