{"id":157,"date":"2023-03-10T19:20:19","date_gmt":"2023-03-10T18:20:19","guid":{"rendered":"https:\/\/epcasesores.com\/sample-page\/"},"modified":"2026-03-24T07:49:57","modified_gmt":"2026-03-24T06:49:57","slug":"assessors-legals-i-tributaris","status":"publish","type":"page","link":"https:\/\/epcasesores.com\/es\/","title":{"rendered":"Asesores Legales y Tributarios"},"content":{"rendered":"<div class=\"wpb-content-wrapper\"><p>[vc_row][vc_column][vc_column_text css=\u00bb\u00bb]<\/p>\r\n<h2 class=\"has-text-align-center\">EPC Asesores legales y tributarios en Barcelona<\/h2>\r\n<!-- \/wp:post-content -->\r\n<p><!-- wp:paragraph {\"translatedWithWPMLTM\":\"1\"} -->Bienvenido a nuestra p\u00e1gina web de <strong>asesor\u00eda integral<\/strong>, donde ofrecemos <strong>soluciones personalizadas en materia jur\u00eddica, contable, fiscal y laboral<\/strong> para nuestros clientes.<\/p>\r\n<!-- \/wp:paragraph -->\r\n<p><!-- wp:paragraph {\"translatedWithWPMLTM\":\"1\"} -->Con m\u00e1s de 30 a\u00f1os de experiencia en el sector, nos hemos especializado en proporcionar <strong>servicios de asesoramiento<\/strong> de la m\u00e1s alta calidad, con una atenci\u00f3n personalizada y un trato cercano con cada cliente.<\/p>\r\n<!-- \/wp:paragraph -->\r\n<p><!-- wp:paragraph {\"translatedWithWPMLTM\":\"1\"} -->Nuestros <strong>servicios de asesor\u00eda jur\u00eddica<\/strong> cubren una amplia gama de temas desde el <strong>derecho civil, mercantil y laboral<\/strong> hasta el derecho penal y administrativo. Adem\u00e1s, disponemos de un equipo de <strong>expertos en contabilidad y fiscalidad<\/strong> que le ayudar\u00e1n en la gesti\u00f3n financiera de su negocio o empresa. Tambi\u00e9n ofrecemos <strong>asesoramiento laboral<\/strong> para empresas y trabajadores, as\u00ed como servicios de gesti\u00f3n de n\u00f3minas y seguridad social.<\/p>\r\n<!-- \/wp:paragraph -->\r\n<p><!-- wp:paragraph {\"translatedWithWPMLTM\":\"1\"} -->En nuestra empresa, ponemos el <strong>\u00e9nfasis en la relaci\u00f3n con nuestros clientes<\/strong> y la confianza que ellos depositan en nosotros. Por eso, trabajamos de forma eficaz y eficiente para ofrecerle las mejores <strong>soluciones<\/strong> para sus problemas. Estamos a su disposici\u00f3n para ayudarle en todo lo que necesite, desde la <strong>gesti\u00f3n<\/strong> de sus <strong>impuestos<\/strong> hasta la <strong>representaci\u00f3n ante los tribunales.<\/strong><\/p>\r\n<!-- \/wp:paragraph -->\r\n<p><!-- wp:paragraph {\"translatedWithWPMLTM\":\"1\"} -->Conf\u00ede en nosotros para todos sus <strong>asuntos legales, fiscales, contables y laborales<\/strong> y le garantizamos una <strong>atenci\u00f3n personalizada y profesional.<\/strong> <a href=\"https:\/\/epcasesores.com\/es\/contactar\/\" data-type=\"URL\" data-id=\"\/contacte\/\">Contacte con nosotros<\/a> para m\u00e1s informaci\u00f3n y una <strong>primera consulta gratuita.<\/strong><\/p>\r\n<!-- \/wp:paragraph -->\r\n<p>&nbsp;<\/p>\r\n<!-- wp:image {\"align\":\"center\",\"id\":6,\"sizeSlug\":\"full\",\"linkDestination\":\"none\",\"translatedWithWPMLTM\":\"1\"} -->\r\n<figure class=\"wp-block-image aligncenter size-full\"><img loading=\"lazy\" decoding=\"async\" width=\"374\" height=\"174\" class=\"wp-image-6\" src=\"https:\/\/epcasesores.com\/wp-content\/uploads\/2023\/03\/epc.png\" alt=\"|\" title=\"\" srcset=\"https:\/\/epcasesores.com\/wp-content\/uploads\/2023\/03\/epc.png 374w, https:\/\/epcasesores.com\/wp-content\/uploads\/2023\/03\/epc-300x140.png 300w\" sizes=\"auto, (max-width: 374px) 100vw, 374px\" \/><\/figure>\r\n<!-- \/wp:image -->\r\n<p>&nbsp;<\/p>\r\n<p>[\/vc_column_text][\/vc_column][\/vc_row]<\/p><\/div>","protected":false},"excerpt":{"rendered":"<p>[vc_row][vc_column][vc_column_text css=\u00bb\u00bb] EPC Asesores legales y tributarios en Barcelona Bienvenido a nuestra p\u00e1gina web de asesor\u00eda integral, donde ofrecemos soluciones personalizadas en materia jur\u00eddica, contable, fiscal y laboral para nuestros clientes. Con m\u00e1s de 30 a\u00f1os de experiencia en el sector, nos hemos especializado en proporcionar servicios de asesoramiento de la m\u00e1s alta calidad, con&#8230;<\/p>\n","protected":false},"author":1,"featured_media":0,"parent":0,"menu_order":0,"comment_status":"closed","ping_status":"closed","template":"","meta":{"footnotes":""},"class_list":["post-157","page","type-page","status-publish","hentry"],"_links":{"self":[{"href":"https:\/\/epcasesores.com\/es\/wp-json\/wp\/v2\/pages\/157","targetHints":{"allow":["GET"]}}],"collection":[{"href":"https:\/\/epcasesores.com\/es\/wp-json\/wp\/v2\/pages"}],"about":[{"href":"https:\/\/epcasesores.com\/es\/wp-json\/wp\/v2\/types\/page"}],"author":[{"embeddable":true,"href":"https:\/\/epcasesores.com\/es\/wp-json\/wp\/v2\/users\/1"}],"replies":[{"embeddable":true,"href":"https:\/\/epcasesores.com\/es\/wp-json\/wp\/v2\/comments?post=157"}],"version-history":[{"count":9,"href":"https:\/\/epcasesores.com\/es\/wp-json\/wp\/v2\/pages\/157\/revisions"}],"predecessor-version":[{"id":264,"href":"https:\/\/epcasesores.com\/es\/wp-json\/wp\/v2\/pages\/157\/revisions\/264"}],"wp:attachment":[{"href":"https:\/\/epcasesores.com\/es\/wp-json\/wp\/v2\/media?parent=157"}],"curies":[{"name":"wp","href":"https:\/\/api.w.org\/{rel}","templated":true}]}}