{"id":158,"date":"2023-03-10T19:20:19","date_gmt":"2023-03-10T18:20:19","guid":{"rendered":"https:\/\/epcasesores.com\/privacy-policy\/"},"modified":"2026-03-02T16:59:14","modified_gmt":"2026-03-02T15:59:14","slug":"politica-de-privacitat","status":"publish","type":"page","link":"https:\/\/epcasesores.com\/es\/politica-de-privacitat\/","title":{"rendered":"Politica de privacidad"},"content":{"rendered":"<h1>POL\u00cdTICA DE PRIVACIDAD<\/h1>\n<p>La presente Pol\u00edtica de Privacidad describe las normas y procedimientos relativos a la recogida, uso y divulgaci\u00f3n de la informaci\u00f3n de car\u00e1cter personal y engloba el presente sitio web y los servicios directamente asociados al mismo, titularidad de <strong>EPC ASSESSORS LEGALS I TRIBUTARIS, S.L.P.<\/strong> con CIF B-62427265 y con domicilio social en <strong>Rambla de Catalunya, 57-59, 2\u00ba 1\u00aa, 08007 de Barcelona.<\/strong><\/p>\n<p>El uso del sitio y servicios queda restringido a Usuarios mayores de 18 a\u00f1os. Cualquier registro de un Usuario menor de 18 a\u00f1os detectado por nuestra parte ser\u00e1 eliminado inmediatamente.<\/p>\n<p>Nos reservamos la facultad de investigar cualquier contenido que atente contra esta Pol\u00edtica de Privacidad, as\u00ed como el uso incorrecto, indebido y fraudulento de las condiciones expuestas.<\/p>\n<p>El uso del sitio web y de los servicios que en \u00e9l se ofrecen implica la aceptaci\u00f3n de esta Pol\u00edtica de Privacidad. Eventualmente, esta Pol\u00edtica de Privacidad puede ser revisada con el fin de actualizar los cambios en la legislaci\u00f3n vigente, actualizar nuestros procedimientos de recogida, uso y divulgaci\u00f3n de la informaci\u00f3n de car\u00e1cter personal, la aparici\u00f3n de nuevos servicios o la exclusi\u00f3n de otros. Estos cambios ser\u00e1n vigentes a partir de su publicaci\u00f3n en la web, por lo que es importante que revise regularmente esta Pol\u00edtica de Privacidad con el fin de permanecer informado sobre los cambios habidos.<\/p>\n<p>Ante cualquier duda acerca de esta Pol\u00edtica de Privacidad, puede ponerse en contacto con nosotros a trav\u00e9s de la siguiente direcci\u00f3n de correo electr\u00f3nico: epc@epcasesores.com.<\/p>\n<h2>Consentimiento<\/h2>\n<p>La utilizaci\u00f3n de este sitio web y de cualesquiera de los servicios que en \u00e9l se incorporan, supone la plena aceptaci\u00f3n de las condiciones que se manifiestan en las Condiciones de acceso y uso y en la presente Pol\u00edtica de Privacidad. Por ello, usted, el Usuario, manifiesta que ha le\u00eddo, entendido y aceptado los mismos en su plena totalidad quedando al efecto vinculado por los mismos.<\/p>\n<p>El Usuario consiente y autoriza expresamente e inequ\u00edvocamente, mediante el mero acceso a la p\u00e1gina web o la utilizaci\u00f3n de sus servicios, a que sus datos de car\u00e1cter personal sean: (1) incorporados a un fichero de datos titularidad y responsabilidad de <strong>EPC ASSESSORS LEGALS I TRIBUTARIS, S.L.P.<\/strong> y (2) tratados de conformidad con los fines establecidos en la presente Pol\u00edtica de Privacidad.<\/p>\n<h2>Informaci\u00f3n recogida y Usos Generales<\/h2>\n<p>Este sitio web y los servicios ofrecidos en la misma recogen informaci\u00f3n de car\u00e1cter personal a efectos de que pueda utilizar los servicios que prestamos; as\u00ed como informaci\u00f3n de uso que recopilamos a medida que interact\u00faa con nuestro sitio web.<\/p>\n<p>En concreto, en el proceso de consulta para usar nuestros servicios, el Usuario facilitar\u00e1 su nombre y e-mail. Asimismo, es posible que almacenemos cierta informaci\u00f3n usando cookies, a los efectos de personalizar los servicios (informaci\u00f3n sobre URLs, IPs, navegador empleado, S.O. instalado, saber si ya ha visitado la p\u00e1gina antes). Si quiere deshabilitar esta funci\u00f3n, puede bloquear o eliminarlas utilizando la configuraci\u00f3n de su navegador, pero en algunos casos puede influir en su capacidad de uso de la plataforma web. La informaci\u00f3n facilitada se utiliza para los siguientes prop\u00f3sitos generales: cumplir con sus peticiones sobre servicios y contactar con el Usuario.<\/p>\n<p>En este sentido, el Usuario garantiza que los datos personales facilitados son veraces y asume la obligaci\u00f3n de comunicar cualquier modificaci\u00f3n de los mismos. En el caso que los datos sean inexactos, incompletos o hayan dejado de ser necesarios para su finalidad, este sitio web los cancelar\u00e1, borrar\u00e1 y\/o bloquear\u00e1.<\/p>\n<p>Cuando un Usuario facilita cualquier informaci\u00f3n de terceros, garantiza que tiene el consentimiento necesario a dicho efecto, tal y como exige la normativa vigente en protecci\u00f3n de datos personales y que no se vulnera ning\u00fan derecho relativo a la intimidad, el honor o la propia imagen de un tercero.<\/p>\n<p>De conformidad con la Ley 15\/1999, de 13 de diciembre, de Protecci\u00f3n de datos de car\u00e1cter personal (LOPD), y con su Reglamento de desarrollo, los datos personales recabados formar\u00e1n parte de un fichero, titularidad y responsabilidad de <strong>EPC ASSESSORS LEGALS I TRIBUTARIS, S.L.P.<\/strong>, y ser\u00e1n tratados por \u00e9sta con la finalidad de administrar los datos personales de los Usuarios y gestionar sus peticiones sobre servicios. Asimismo, sus datos personales pueden ser utilizados para el env\u00edo, a trav\u00e9s de medios electr\u00f3nicos, de comunicaciones comerciales sobre servicios relacionados que puedan ser de su inter\u00e9s.<\/p>\n<p>EPC ASSESSORS LEGALS I TRIBUTARIS, S.L.P. no utilizar\u00e1 sus datos personales con finalidades incompatibles a las que figuran en esta Pol\u00edtica de Privacidad.<\/p>\n<h2>Derechos<\/h2>\n<p>En cualquier momento el Usuario puede ejercer, en los t\u00e9rminos establecidos por la legislaci\u00f3n vigente, sus derechos de acceso, rectificaci\u00f3n o supresi\u00f3n de datos, solicitar que se limite el tratamiento, oponerse al mismo, solicitar la portabilidad de sus datos, as\u00ed como revocar el consentimiento prestado, dirigi\u00e9ndose por escrito a la direcci\u00f3n Rambla de Catalunya, 57-59, 2\u00ba 1\u00aa, 08007 de Barcelona, o la direcci\u00f3n de correo electr\u00f3nico epc@epcasesores.com, indicando claramente el derecho que desea ejercitar y acompa\u00f1ando su Documento Nacional de Identidad o documento identificativo similar que acredite su identidad. Asimismo, podr\u00e1 presentar una reclamaci\u00f3n ante la Agencia Espa\u00f1ola de Protecci\u00f3n de Datos o autoridad de protecci\u00f3n de datos que resulte competente.<\/p>\n<h2>Seguridad<\/h2>\n<p>Sin perjuicio de las finalidades que en cada caso se indiquen, se garantiza que dicha informaci\u00f3n ser\u00e1 guardada y gestionada con la debida confidencialidad, aplicando las medidas de seguridad inform\u00e1tica establecidas en la legislaci\u00f3n aplicable, teniendo el servidor donde se almacenar\u00e1n y tratar\u00e1n los datos personales las medidas de seguridad necesarias para evitar la alteraci\u00f3n, p\u00e9rdida, el tratamiento o acceso no autorizados a los mencionados datos. No obstante, este sitio web podr\u00e1 revelar a la autoridad p\u00fablica competente los datos personales, as\u00ed como cualquier otra informaci\u00f3n que este en su poder a trav\u00e9s de sus sistemas inform\u00e1ticos, previo requerimiento, de conformidad con las disposiciones legales aplicables.<\/p>\n<p>Asimismo, se adoptar\u00e1n, en la medida de lo posible, las medidas oportunas contra las pr\u00e1cticas de SPAM, PHISING, SPOOFING, INGENIER\u00cdA SOCIAL, EXPLOITS o ATAQUES DE CONTRASE\u00d1A, todas ellas encaminadas a vulnerar la seguridad de los sistemas y atentar contra la seguridad de la plataforma y de los Usuarios y los datos personales que en ella figuran.<\/p>\n<h2>Baja de la consulta y cancelaci\u00f3n de la informaci\u00f3n<\/h2>\n<p>El Usuario puede solicitar la baja de la consulta y solicitar la cancelaci\u00f3n de todos sus datos personales.<\/p>\n<p>Todo ello con independencia del cumplimiento de las obligaciones que se establezcan por la Ley de Servicios de la Sociedad de la Informaci\u00f3n y del Comercio Electr\u00f3nico (LSSI-CE) en cuanto a la retenci\u00f3n de datos para identificar el origen de los datos alojados y el momento en que se inici\u00f3 la prestaci\u00f3n del servicio. La retenci\u00f3n de estos datos no afecta al secreto de las comunicaciones y s\u00f3lo podr\u00e1n ser utilizados en el marco de una investigaci\u00f3n criminal o para la salvaguardia de la seguridad p\u00fablica, poni\u00e9ndose a disposici\u00f3n de los jueces y\/o tribunales o del Ministerio que as\u00ed los requiera. La comunicaci\u00f3n de datos a las Fuerzas y Cuerpos del Estado se har\u00e1 en virtud a lo dispuesto en la normativa sobre protecci\u00f3n de datos personales.<\/p>\n","protected":false},"excerpt":{"rendered":"<p>POL\u00cdTICA DE PRIVACIDAD La presente Pol\u00edtica de Privacidad describe las normas y procedimientos relativos a la recogida, uso y divulgaci\u00f3n de la informaci\u00f3n de car\u00e1cter personal y engloba el presente sitio web y los servicios directamente asociados al mismo, titularidad de EPC ASSESSORS LEGALS I TRIBUTARIS, S.L.P. con CIF B-62427265 y con domicilio social en&#8230;<\/p>\n","protected":false},"author":1,"featured_media":0,"parent":0,"menu_order":0,"comment_status":"closed","ping_status":"closed","template":"","meta":{"footnotes":""},"class_list":["post-158","page","type-page","status-publish","hentry"],"_links":{"self":[{"href":"https:\/\/epcasesores.com\/es\/wp-json\/wp\/v2\/pages\/158","targetHints":{"allow":["GET"]}}],"collection":[{"href":"https:\/\/epcasesores.com\/es\/wp-json\/wp\/v2\/pages"}],"about":[{"href":"https:\/\/epcasesores.com\/es\/wp-json\/wp\/v2\/types\/page"}],"author":[{"embeddable":true,"href":"https:\/\/epcasesores.com\/es\/wp-json\/wp\/v2\/users\/1"}],"replies":[{"embeddable":true,"href":"https:\/\/epcasesores.com\/es\/wp-json\/wp\/v2\/comments?post=158"}],"version-history":[{"count":2,"href":"https:\/\/epcasesores.com\/es\/wp-json\/wp\/v2\/pages\/158\/revisions"}],"predecessor-version":[{"id":187,"href":"https:\/\/epcasesores.com\/es\/wp-json\/wp\/v2\/pages\/158\/revisions\/187"}],"wp:attachment":[{"href":"https:\/\/epcasesores.com\/es\/wp-json\/wp\/v2\/media?parent=158"}],"curies":[{"name":"wp","href":"https:\/\/api.w.org\/{rel}","templated":true}]}}