{"id":206,"date":"2023-10-19T09:55:03","date_gmt":"2023-10-19T07:55:03","guid":{"rendered":"https:\/\/epcasesores.com\/politica-de-cookies\/"},"modified":"2026-03-02T16:59:22","modified_gmt":"2026-03-02T15:59:22","slug":"politica-de-cookies","status":"publish","type":"page","link":"https:\/\/epcasesores.com\/es\/politica-de-cookies\/","title":{"rendered":"Politica de Cookies"},"content":{"rendered":"<div class=\"wpb-content-wrapper\"><p>[vc_row][vc_column][vc_column_text]<b><span data-contrast=\"auto\">Pol\u00edtica de cookies<\/span><\/b><\/p>\n<p><span data-contrast=\"auto\">Se informa al Usuario de que este Sitio Web utiliza cookies y tecnolog\u00edas similares. Las cookies son peque\u00f1os ficheros de datos que se colocan en el dispositivo del Usuario y que permiten el almacenamiento de informaci\u00f3n relacionada con la navegaci\u00f3n realizada. En particular, las cookies permiten a este Sitio Web conocer, entre otra, la siguiente informaci\u00f3n: <\/span><\/p>\n<ul>\n<li data-leveltext=\"\uf0b7\" data-font=\"Symbol\" data-listid=\"1\" data-list-defn-props=\"{\" aria-setsize=\"-1\" data-aria-posinset=\"1\" data-aria-level=\"1\"><span data-contrast=\"auto\">La fecha y hora de la \u00faltima vez que el Usuario visit\u00f3 el Sitio Web;<\/span><\/li>\n<li data-leveltext=\"\uf0b7\" data-font=\"Symbol\" data-listid=\"1\" data-list-defn-props=\"{\" aria-setsize=\"-1\" data-aria-posinset=\"2\" data-aria-level=\"1\"><span data-contrast=\"auto\">El dise\u00f1o de contenidos que el Usuario escogi\u00f3 en su primera visita al Sitio Web;<\/span><\/li>\n<li data-leveltext=\"\uf0b7\" data-font=\"Symbol\" data-listid=\"1\" data-list-defn-props=\"{\" aria-setsize=\"-1\" data-aria-posinset=\"3\" data-aria-level=\"1\"><span data-contrast=\"auto\">Elementos de seguridad que interviene en el control de acceso a las \u00e1reas restringidas. El Usuario tiene la opci\u00f3n de impedir la generaci\u00f3n de cookies, mediante la selecci\u00f3n de la correspondiente opci\u00f3n en su programa Navegador. <\/span><\/li>\n<\/ul>\n<p><span data-contrast=\"auto\">Las Cookies permiten al Sitio Web, entre otras cosas, almacenar y retener informaci\u00f3n sobre los h\u00e1bitos de navegaci\u00f3n de los Usuarios o de sus dispositivos y, dependiendo de la informaci\u00f3n en ellos contenida y del uso que est\u00e9n haciendo de los dispositivos, pueden ser utilizadas para reconocer al Usuario.<\/span><\/p>\n<p><b><span data-contrast=\"auto\">&#8211; Tipolog\u00eda de cookies<\/span><\/b><\/p>\n<p><span data-contrast=\"auto\">A continuaci\u00f3n ofrecemos informaci\u00f3n sobre el tipo de cookies utilizadas en nuestra p\u00e1gina web:<\/span><\/p>\n<ol>\n<li><span data-contrast=\"auto\"> Seg\u00fan la entidad que las gestione<\/span><\/li>\n<\/ol>\n<p><span data-contrast=\"auto\">En funci\u00f3n de la entidad gestora del dominio desde donde se env\u00edan las cookies y tratan los datos que se obtienen, podemos distinguir:<\/span><br \/>\n<span data-contrast=\"auto\"> Cookies propias:<\/span><span data-contrast=\"auto\">\u202fSon aqu\u00e9llas que se env\u00edan al equipo terminal del usuario desde dominios gestionadas por EPC como editor de la p\u00e1gina web.<\/span><\/p>\n<p><span data-contrast=\"auto\"> Cookies de terceros:<\/span><span data-contrast=\"auto\">\u202fSon aqu\u00e9llas que se env\u00edan al equipo terminal del usuario desde un equipo o dominio que no es gestionado por el editor, sino por otra entidad.<\/span><\/p>\n<ol start=\"2\">\n<li><span data-contrast=\"auto\"> Seg\u00fan el plazo de tiempo que permanecen activadas en el equipo terminal<\/span><\/li>\n<\/ol>\n<p><span data-contrast=\"auto\"> Cookies de sesi\u00f3n:<\/span><span data-contrast=\"auto\">Son un tipo de cookies dise\u00f1adas para recabar y almacenar datos mientras el usuario accede al este Sitio Web. Como su propio nombre indica, estas cookies se almacenan en su terminal hasta que finalice la sesi\u00f3n de navegaci\u00f3n del usuario. <\/span><\/p>\n<p><span data-contrast=\"auto\"> Cookies persistentes:<\/span><span data-contrast=\"auto\">\u202fSon un tipo de cookies en el que los datos siguen almacenados en el terminal y pueden ser accedidos y tratados durante un periodo definido por el responsable de la cookie, y que puede ir de unos minutos a varios a\u00f1os.<\/span><\/p>\n<ol start=\"3\">\n<li><span data-contrast=\"auto\"> Seg\u00fan su finalidad<\/span><\/li>\n<\/ol>\n<p><span data-contrast=\"auto\"> Cookies estrictamente necesarias:<\/span><span data-contrast=\"auto\">Son aquellas que permiten al usuario la navegaci\u00f3n a trav\u00e9s este Sitio Web y la utilizaci\u00f3n de las diferentes opciones o servicios que est\u00e1n disponibles como, por ejemplo, controlar el tr\u00e1fico y la comunicaci\u00f3n de datos, identificar el tipo de navegador, identificar la sesi\u00f3n, acceder a \u00e1reas de acceso restringido, utilizar los servicios puestos a disposici\u00f3n del Usuario, utilizar elementos de seguridad durante la navegaci\u00f3n, identificar preferencias del usuario o compartir contenidos a trav\u00e9s de redes sociales. Este tipo de cookies mejoran la experiencia del usuario, al optimizar el rendimiento con base en la informaci\u00f3n recogida. <\/span><\/p>\n<p><span data-contrast=\"auto\"> Cookies dirigidas:<\/span><span data-contrast=\"auto\">son aqu\u00e9llas que permiten la gesti\u00f3n, de la forma m\u00e1s eficaz posible, de los espacios publicitarios incluidos en este Sitio Web. Estas cookies almacenan informaci\u00f3n del comportamiento de los usuarios obtenida a trav\u00e9s de la observaci\u00f3n continuada de sus h\u00e1bitos de navegaci\u00f3n, lo que permite desarrollar un perfil espec\u00edfico para mostrar publicidad en funci\u00f3n del mismo. <\/span><br \/>\n<span data-contrast=\"auto\"> Cookies de rendimiento<\/span><span data-contrast=\"auto\">: son un tipo de cookies dise\u00f1adas y utilizadas para el seguimiento y an\u00e1lisis del comportamiento de los usuarios. Este tipo de cookies ofrecen al titular de la p\u00e1gina la medici\u00f3n de la actividad en el sitio web a trav\u00e9s de informaci\u00f3n agregada o de car\u00e1cter estad\u00edstico. En este Sitio Web se utilizan cookies anal\u00edticas, propias y de terceros, de sesi\u00f3n y persistentes, para esta finalidad. <\/span><\/p>\n<p><span data-contrast=\"auto\"> Cookies de funcionalidad:\u202f<\/span><span data-contrast=\"auto\">son aquellas que permiten recordar informaci\u00f3n para que el usuario acceda al servicio con determinadas caracter\u00edsticas que pueden diferenciar su experiencia de la de otros usuarios, como, por ejemplo, el idioma, el n\u00famero de resultados a mostrar cuando el usuario realiza una b\u00fasqueda, el aspecto o contenido del servicio en funci\u00f3n del tipo de navegador a trav\u00e9s del cual el usuario accede al servicio o de la regi\u00f3n desde la que accede al servicio, etc.<\/span><\/p>\n<p><span data-contrast=\"auto\"> Cookies de redes sociales:<\/span><span data-contrast=\"auto\">estas cookies est\u00e1n configuradas por una serie de servicios de redes sociales para permitir compartir nuestro contenido a trav\u00e9s de las redes. Estas cookies son capaces de hacer seguimiento a su navegador a trav\u00e9s de otros sitios y crear un perfil de sus intereses. Esto podr\u00eda modificar el contenido y los mensajes que encuentres en otras p\u00e1ginas webs que visite. <\/span><\/p>\n<p><span data-contrast=\"auto\">El Sitio Web utiliza cookies de terceros. <\/span><\/p>\n<p><b><span data-contrast=\"auto\">&#8211; Administraci\u00f3n de las cookies y de las tecnolog\u00edas similares:<\/span><\/b><\/p>\n<p><span data-contrast=\"auto\">Los Usuarios pueden configurar la instalaci\u00f3n de las Cookies durante el proceso de configuraci\u00f3n del Sitio Web y son conscientes de que deshabilitar las cookies y la tecnolog\u00eda similar puede afectar el uso normal de la misma y los servicios proporcionados.<\/span><\/p>\n<p><span data-contrast=\"auto\">Para deshabilitar las cookies, los Usuarios deber\u00e1n seguir las instrucciones de cada navegador.<\/span>[\/vc_column_text][\/vc_column][\/vc_row]<\/p>\n<\/div>","protected":false},"excerpt":{"rendered":"<p>[vc_row][vc_column][vc_column_text]Pol\u00edtica de cookies Se informa al Usuario de que este Sitio Web utiliza cookies y tecnolog\u00edas similares. Las cookies son peque\u00f1os ficheros de datos que se colocan en el dispositivo del Usuario y que permiten el almacenamiento de informaci\u00f3n relacionada con la navegaci\u00f3n realizada. En particular, las cookies permiten a este Sitio Web conocer, entre&#8230;<\/p>\n","protected":false},"author":1,"featured_media":0,"parent":0,"menu_order":0,"comment_status":"closed","ping_status":"closed","template":"","meta":{"footnotes":""},"class_list":["post-206","page","type-page","status-publish","hentry"],"_links":{"self":[{"href":"https:\/\/epcasesores.com\/es\/wp-json\/wp\/v2\/pages\/206","targetHints":{"allow":["GET"]}}],"collection":[{"href":"https:\/\/epcasesores.com\/es\/wp-json\/wp\/v2\/pages"}],"about":[{"href":"https:\/\/epcasesores.com\/es\/wp-json\/wp\/v2\/types\/page"}],"author":[{"embeddable":true,"href":"https:\/\/epcasesores.com\/es\/wp-json\/wp\/v2\/users\/1"}],"replies":[{"embeddable":true,"href":"https:\/\/epcasesores.com\/es\/wp-json\/wp\/v2\/comments?post=206"}],"version-history":[{"count":6,"href":"https:\/\/epcasesores.com\/es\/wp-json\/wp\/v2\/pages\/206\/revisions"}],"predecessor-version":[{"id":266,"href":"https:\/\/epcasesores.com\/es\/wp-json\/wp\/v2\/pages\/206\/revisions\/266"}],"wp:attachment":[{"href":"https:\/\/epcasesores.com\/es\/wp-json\/wp\/v2\/media?parent=206"}],"curies":[{"name":"wp","href":"https:\/\/api.w.org\/{rel}","templated":true}]}}